{"id":130,"date":"2018-11-13T14:42:25","date_gmt":"2018-11-13T14:42:25","guid":{"rendered":"https:\/\/themes.getmotopress.com\/palmeria\/?page_id=130"},"modified":"2021-08-11T20:17:17","modified_gmt":"2021-08-11T23:17:17","slug":"sobre-nos","status":"publish","type":"page","link":"http:\/\/hotel2gauchos.com.br\/site\/sobre-nos\/","title":{"rendered":"Sobre N\u00f3s"},"content":{"rendered":"\n<div class=\"wp-block-columns has-2-columns is-layout-flex wp-container-core-columns-is-layout-9d6595d7 wp-block-columns-is-layout-flex\">\n<div class=\"wp-block-column is-layout-flow wp-block-column-is-layout-flow\">\n<figure class=\"wp-block-image size-large\"><img loading=\"lazy\" decoding=\"async\" width=\"1024\" height=\"650\" src=\"http:\/\/hotel2gauchos.com.br\/site\/wp-content\/uploads\/2021\/07\/gallery_06-1024x650.jpg\" alt=\"\" class=\"wp-image-656\" srcset=\"http:\/\/hotel2gauchos.com.br\/site\/wp-content\/uploads\/2021\/07\/gallery_06-1024x650.jpg 1024w, http:\/\/hotel2gauchos.com.br\/site\/wp-content\/uploads\/2021\/07\/gallery_06-300x190.jpg 300w, http:\/\/hotel2gauchos.com.br\/site\/wp-content\/uploads\/2021\/07\/gallery_06-768x487.jpg 768w, http:\/\/hotel2gauchos.com.br\/site\/wp-content\/uploads\/2021\/07\/gallery_06-1536x974.jpg 1536w, http:\/\/hotel2gauchos.com.br\/site\/wp-content\/uploads\/2021\/07\/gallery_06-892x566.jpg 892w, http:\/\/hotel2gauchos.com.br\/site\/wp-content\/uploads\/2021\/07\/gallery_06.jpg 1600w\" sizes=\"auto, (max-width: 1024px) 100vw, 1024px\" \/><\/figure>\n<\/div>\n\n\n\n<div class=\"wp-block-column is-layout-flow wp-block-column-is-layout-flow\">\n<p>Somos uma propriedade 3 estrelas situada em Navira\u00ed, Mato Grosso do Sul. Dispomos de quartos com ar-condicionado, wi-fi gratuito e com banheiro privativo. Contamos com amplo estacionamento gratuito e ao ar livre.<\/p>\n\n\n\n<p>Todos os quartos est\u00e3o equipados com guarda-roupa e disp\u00f5em de mesa de trabalho e TV de tela plana. Voc\u00ea pode desfrutar de um buffet de caf\u00e9 da manh\u00e3. Podemos fornecer informa\u00e7\u00f5es na recep\u00e7\u00e3o para ajudar voc\u00ea a se locomover pela \u00e1rea.<\/p>\n\n\n\n<p>Pela nossa excelente localiza\u00e7\u00e3o no centro da cidade recebemos nota 9,1 em avalia\u00e7\u00f5es, do site <a href=\"https:\/\/www.booking.com\/hotel\/br\/2-gauchos.pt-br.html\" target=\"_blank\" rel=\"noreferrer noopener\">Booking.com<\/a>. Aqui n\u00f3s entendemos voc\u00ea.<\/p>\n\n\n\n<p>Hor\u00e1rio do caf\u00e9 da manh\u00e3:<br>Segunda a Sexta-feira: 05h30 \u00e0s 09h.<br>S\u00e1bado e Domingo: 05h30 \u00e0s 10h.<\/p>\n<\/div>\n<\/div>\n\n\n\n<div class=\"wp-block-columns has-2-columns is-layout-flex wp-container-core-columns-is-layout-9d6595d7 wp-block-columns-is-layout-flex\"><\/div>\n\n\n\n<p><\/p>\n","protected":false},"excerpt":{"rendered":"<p>Conhe\u00e7a mais sobre o Hotel 2 Ga\u00fachos<\/p>\n","protected":false},"author":1,"featured_media":662,"parent":0,"menu_order":0,"comment_status":"closed","ping_status":"closed","template":"template-wide-page.php","meta":{"footnotes":""},"class_list":["post-130","page","type-page","status-publish","has-post-thumbnail","hentry"],"_links":{"self":[{"href":"http:\/\/hotel2gauchos.com.br\/site\/wp-json\/wp\/v2\/pages\/130","targetHints":{"allow":["GET"]}}],"collection":[{"href":"http:\/\/hotel2gauchos.com.br\/site\/wp-json\/wp\/v2\/pages"}],"about":[{"href":"http:\/\/hotel2gauchos.com.br\/site\/wp-json\/wp\/v2\/types\/page"}],"author":[{"embeddable":true,"href":"http:\/\/hotel2gauchos.com.br\/site\/wp-json\/wp\/v2\/users\/1"}],"replies":[{"embeddable":true,"href":"http:\/\/hotel2gauchos.com.br\/site\/wp-json\/wp\/v2\/comments?post=130"}],"version-history":[{"count":11,"href":"http:\/\/hotel2gauchos.com.br\/site\/wp-json\/wp\/v2\/pages\/130\/revisions"}],"predecessor-version":[{"id":1289,"href":"http:\/\/hotel2gauchos.com.br\/site\/wp-json\/wp\/v2\/pages\/130\/revisions\/1289"}],"wp:featuredmedia":[{"embeddable":true,"href":"http:\/\/hotel2gauchos.com.br\/site\/wp-json\/wp\/v2\/media\/662"}],"wp:attachment":[{"href":"http:\/\/hotel2gauchos.com.br\/site\/wp-json\/wp\/v2\/media?parent=130"}],"curies":[{"name":"wp","href":"https:\/\/api.w.org\/{rel}","templated":true}]}}