{"id":42,"date":"2018-11-13T13:28:34","date_gmt":"2018-11-13T13:28:34","guid":{"rendered":"https:\/\/themes.getmotopress.com\/palmeria\/?page_id=42"},"modified":"2021-10-20T08:48:10","modified_gmt":"2021-10-20T11:48:10","slug":"welcome-to-palmeria-hotel","status":"publish","type":"page","link":"http:\/\/hotel2gauchos.com.br\/site\/","title":{"rendered":"Bem vindo ao Hotel 2 Ga\u00fachos"},"content":{"rendered":"","protected":false},"excerpt":{"rendered":"<p>Sabe aquele momento incompar\u00e1vel de aproveitar cada pedacinho que uma cidade pode te proporcionar? Todos eles passam por aqui! Estamos bem no centro de Navira\u00ed com f\u00e1cil acesso a tudo, estacionamento amplo e um delicioso caf\u00e9 da manh\u00e3 para voc\u00ea aproveitar tudo que tem direito. Vem para uma estadia perfeita, em um hotel 3 estrelas pronto para te receber.<\/p>\n","protected":false},"author":1,"featured_media":619,"parent":0,"menu_order":0,"comment_status":"closed","ping_status":"closed","template":"template-front-page.php","meta":{"footnotes":""},"class_list":["post-42","page","type-page","status-publish","has-post-thumbnail","hentry"],"_links":{"self":[{"href":"http:\/\/hotel2gauchos.com.br\/site\/wp-json\/wp\/v2\/pages\/42","targetHints":{"allow":["GET"]}}],"collection":[{"href":"http:\/\/hotel2gauchos.com.br\/site\/wp-json\/wp\/v2\/pages"}],"about":[{"href":"http:\/\/hotel2gauchos.com.br\/site\/wp-json\/wp\/v2\/types\/page"}],"author":[{"embeddable":true,"href":"http:\/\/hotel2gauchos.com.br\/site\/wp-json\/wp\/v2\/users\/1"}],"replies":[{"embeddable":true,"href":"http:\/\/hotel2gauchos.com.br\/site\/wp-json\/wp\/v2\/comments?post=42"}],"version-history":[{"count":10,"href":"http:\/\/hotel2gauchos.com.br\/site\/wp-json\/wp\/v2\/pages\/42\/revisions"}],"predecessor-version":[{"id":1396,"href":"http:\/\/hotel2gauchos.com.br\/site\/wp-json\/wp\/v2\/pages\/42\/revisions\/1396"}],"wp:featuredmedia":[{"embeddable":true,"href":"http:\/\/hotel2gauchos.com.br\/site\/wp-json\/wp\/v2\/media\/619"}],"wp:attachment":[{"href":"http:\/\/hotel2gauchos.com.br\/site\/wp-json\/wp\/v2\/media?parent=42"}],"curies":[{"name":"wp","href":"https:\/\/api.w.org\/{rel}","templated":true}]}}